{"id":3,"date":"2025-08-20T02:32:02","date_gmt":"2025-08-20T02:32:02","guid":{"rendered":"https:\/\/macasbakery.com\/fr\/?page_id=3"},"modified":"2025-12-05T19:58:10","modified_gmt":"2025-12-06T00:58:10","slug":"privacy-policy","status":"publish","type":"page","link":"https:\/\/macasbakery.com\/fr\/privacy-policy\/","title":{"rendered":"Pol\u00edtica de Privacidad"},"content":{"rendered":"\t\t<div data-elementor-type=\"wp-page\" data-elementor-id=\"3\" class=\"elementor elementor-3\" data-elementor-post-type=\"page\">\n\t\t\t\t<div class=\"elementor-element elementor-element-3b0e682a e-flex e-con-boxed e-con e-parent\" data-id=\"3b0e682a\" data-element_type=\"container\">\n\t\t\t\t\t<div class=\"e-con-inner\">\n\t\t\t\t<div class=\"elementor-element elementor-element-ebf22e7 elementor-widget elementor-widget-text-editor\" data-id=\"ebf22e7\" data-element_type=\"widget\" data-widget_type=\"text-editor.default\">\n\t\t\t\t\t\t\t\t\t\n<h1>Politique de confidentialit\u00e9<\/h1>\n<p>Derni\u00e8re mise \u00e0 jour : octobre 2025<\/p>\n\n<p>Chez Maca\u2019s Bakery, nous respectons votre vie priv\u00e9e et nous engageons \u00e0 prot\u00e9ger vos renseignements personnels. Cette politique explique comment nous recueillons, utilisons et prot\u00e9geons vos donn\u00e9es lors de l\u2019utilisation de notre site web ou de nos services.<\/p>\n\n<h5 class=\"wp-block-heading\"><strong>1. Informations recueillies<\/strong><\/h5>\n\n<p>Donn\u00e9es personnelles, informations de paiement, navigation et d\u00e9tails pour les produits personnalis\u00e9s.<\/p>\n\n<h4 class=\"wp-block-heading\"><strong>2. Utilisation des donn\u00e9es<\/strong><\/h4>\n\n<p>Pour traiter les commandes, g\u00e9rer les abonnements, envoyer des promotions et respecter nos obligations l\u00e9gales.<\/p>\n\n<h4 class=\"wp-block-heading\"><strong>3. Protection des donn\u00e9es<\/strong><\/h4>\n\n<p>Nous appliquons des mesures techniques et administratives pour prot\u00e9ger vos renseignements contre tout acc\u00e8s non autoris\u00e9.<\/p>\n\n<h4 class=\"wp-block-heading\"><strong>4. Partage avec des tiers<\/strong><\/h4>\n\n<p>Vos donn\u00e9es ne sont partag\u00e9es qu\u2019avec des partenaires de confiance (paiement, livraison, analyse). Jamais vendues.<\/p>\n\n<h4 class=\"wp-block-heading\"><strong>5. T\u00e9moins (cookies)<\/strong><\/h4>\n\n<p>Nous utilisons des t\u00e9moins pour am\u00e9liorer votre exp\u00e9rience. Vous pouvez les d\u00e9sactiver dans votre navigateur.<\/p>\n\n<h4 class=\"wp-block-heading\"><strong>6. Vos droits<\/strong><\/h4>\n\n<p>Vous pouvez acc\u00e9der, corriger ou supprimer vos renseignements personnels en nous contactant \u00e0 info@macasbakery.com ou +1 418-490-1027.<\/p>\n\n<h4 class=\"wp-block-heading\"><strong>7. Mises \u00e0 jour et contact<\/strong><\/h4>\n\n<p>Cette politique peut \u00eatre mise \u00e0 jour. Les changements seront affich\u00e9s sur notre site. Contact : info@macasbakery.com<\/p>\n\t\t\t\t\t\t\t\t<\/div>\n\t\t\t\t\t<\/div>\n\t\t\t\t<\/div>\n\t\t\t\t<\/div>\n\t\t","protected":false},"excerpt":{"rendered":"<p>Politique de confidentialit\u00e9 Derni\u00e8re mise \u00e0 jour : octobre 2025 Chez Maca\u2019s Bakery, nous respectons votre vie priv\u00e9e et nous engageons \u00e0 prot\u00e9ger vos renseignements personnels. Cette politique explique comment nous recueillons, utilisons et prot\u00e9geons vos donn\u00e9es lors de l\u2019utilisation de notre site web ou de nos services. 1. Informations recueillies Donn\u00e9es personnelles, informations de [&hellip;]<\/p>\n","protected":false},"author":1,"featured_media":0,"parent":0,"menu_order":0,"comment_status":"closed","ping_status":"closed","template":"","meta":{"footnotes":""},"class_list":["post-3","page","type-page","status-publish","hentry"],"yoast_head":"<!-- This site is optimized with the Yoast SEO plugin v26.5 - https:\/\/yoast.com\/wordpress\/plugins\/seo\/ -->\n<title>Pol\u00edtica de Privacidad - macasbakery.com<\/title>\n<meta name=\"robots\" content=\"index, follow, max-snippet:-1, max-image-preview:large, max-video-preview:-1\" \/>\n<link rel=\"canonical\" href=\"https:\/\/macasbakery.com\/fr\/privacy-policy\/\" \/>\n<meta property=\"og:locale\" content=\"fr_CA\" \/>\n<meta property=\"og:type\" content=\"article\" \/>\n<meta property=\"og:title\" content=\"Pol\u00edtica de Privacidad - macasbakery.com\" \/>\n<meta property=\"og:description\" content=\"Politique de confidentialit\u00e9 Derni\u00e8re mise \u00e0 jour : octobre 2025 Chez Maca\u2019s Bakery, nous respectons votre vie priv\u00e9e et nous engageons \u00e0 prot\u00e9ger vos renseignements personnels. Cette politique explique comment nous recueillons, utilisons et prot\u00e9geons vos donn\u00e9es lors de l\u2019utilisation de notre site web ou de nos services. 1. Informations recueillies Donn\u00e9es personnelles, informations de [&hellip;]\" \/>\n<meta property=\"og:url\" content=\"https:\/\/macasbakery.com\/fr\/privacy-policy\/\" \/>\n<meta property=\"og:site_name\" content=\"macasbakery.com\" \/>\n<meta property=\"article:modified_time\" content=\"2025-12-06T00:58:10+00:00\" \/>\n<meta name=\"twitter:card\" content=\"summary_large_image\" \/>\n<meta name=\"twitter:label1\" content=\"Estimation du temps de lecture\" \/>\n\t<meta name=\"twitter:data1\" content=\"1 minute\" \/>\n<script type=\"application\/ld+json\" class=\"yoast-schema-graph\">{\"@context\":\"https:\/\/schema.org\",\"@graph\":[{\"@type\":\"WebPage\",\"@id\":\"https:\/\/macasbakery.com\/fr\/privacy-policy\/\",\"url\":\"https:\/\/macasbakery.com\/fr\/privacy-policy\/\",\"name\":\"Pol\u00edtica de Privacidad - macasbakery.com\",\"isPartOf\":{\"@id\":\"https:\/\/macasbakery.com\/fr\/#website\"},\"datePublished\":\"2025-08-20T02:32:02+00:00\",\"dateModified\":\"2025-12-06T00:58:10+00:00\",\"breadcrumb\":{\"@id\":\"https:\/\/macasbakery.com\/fr\/privacy-policy\/#breadcrumb\"},\"inLanguage\":\"fr-CA\",\"potentialAction\":[{\"@type\":\"ReadAction\",\"target\":[\"https:\/\/macasbakery.com\/fr\/privacy-policy\/\"]}]},{\"@type\":\"BreadcrumbList\",\"@id\":\"https:\/\/macasbakery.com\/fr\/privacy-policy\/#breadcrumb\",\"itemListElement\":[{\"@type\":\"ListItem\",\"position\":1,\"name\":\"Inicio\",\"item\":\"https:\/\/macasbakery.com\/fr\/\"},{\"@type\":\"ListItem\",\"position\":2,\"name\":\"Pol\u00edtica de Privacidad\"}]},{\"@type\":\"WebSite\",\"@id\":\"https:\/\/macasbakery.com\/fr\/#website\",\"url\":\"https:\/\/macasbakery.com\/fr\/\",\"name\":\"macasbakery.com\",\"description\":\"\",\"potentialAction\":[{\"@type\":\"SearchAction\",\"target\":{\"@type\":\"EntryPoint\",\"urlTemplate\":\"https:\/\/macasbakery.com\/fr\/?s={search_term_string}\"},\"query-input\":{\"@type\":\"PropertyValueSpecification\",\"valueRequired\":true,\"valueName\":\"search_term_string\"}}],\"inLanguage\":\"fr-CA\"}]}<\/script>\n<!-- \/ Yoast SEO plugin. -->","yoast_head_json":{"title":"Pol\u00edtica de Privacidad - macasbakery.com","robots":{"index":"index","follow":"follow","max-snippet":"max-snippet:-1","max-image-preview":"max-image-preview:large","max-video-preview":"max-video-preview:-1"},"canonical":"https:\/\/macasbakery.com\/fr\/privacy-policy\/","og_locale":"fr_CA","og_type":"article","og_title":"Pol\u00edtica de Privacidad - macasbakery.com","og_description":"Politique de confidentialit\u00e9 Derni\u00e8re mise \u00e0 jour : octobre 2025 Chez Maca\u2019s Bakery, nous respectons votre vie priv\u00e9e et nous engageons \u00e0 prot\u00e9ger vos renseignements personnels. Cette politique explique comment nous recueillons, utilisons et prot\u00e9geons vos donn\u00e9es lors de l\u2019utilisation de notre site web ou de nos services. 1. Informations recueillies Donn\u00e9es personnelles, informations de [&hellip;]","og_url":"https:\/\/macasbakery.com\/fr\/privacy-policy\/","og_site_name":"macasbakery.com","article_modified_time":"2025-12-06T00:58:10+00:00","twitter_card":"summary_large_image","twitter_misc":{"Estimation du temps de lecture":"1 minute"},"schema":{"@context":"https:\/\/schema.org","@graph":[{"@type":"WebPage","@id":"https:\/\/macasbakery.com\/fr\/privacy-policy\/","url":"https:\/\/macasbakery.com\/fr\/privacy-policy\/","name":"Pol\u00edtica de Privacidad - macasbakery.com","isPartOf":{"@id":"https:\/\/macasbakery.com\/fr\/#website"},"datePublished":"2025-08-20T02:32:02+00:00","dateModified":"2025-12-06T00:58:10+00:00","breadcrumb":{"@id":"https:\/\/macasbakery.com\/fr\/privacy-policy\/#breadcrumb"},"inLanguage":"fr-CA","potentialAction":[{"@type":"ReadAction","target":["https:\/\/macasbakery.com\/fr\/privacy-policy\/"]}]},{"@type":"BreadcrumbList","@id":"https:\/\/macasbakery.com\/fr\/privacy-policy\/#breadcrumb","itemListElement":[{"@type":"ListItem","position":1,"name":"Inicio","item":"https:\/\/macasbakery.com\/fr\/"},{"@type":"ListItem","position":2,"name":"Pol\u00edtica de Privacidad"}]},{"@type":"WebSite","@id":"https:\/\/macasbakery.com\/fr\/#website","url":"https:\/\/macasbakery.com\/fr\/","name":"macasbakery.com","description":"","potentialAction":[{"@type":"SearchAction","target":{"@type":"EntryPoint","urlTemplate":"https:\/\/macasbakery.com\/fr\/?s={search_term_string}"},"query-input":{"@type":"PropertyValueSpecification","valueRequired":true,"valueName":"search_term_string"}}],"inLanguage":"fr-CA"}]}},"_links":{"self":[{"href":"https:\/\/macasbakery.com\/fr\/wp-json\/wp\/v2\/pages\/3","targetHints":{"allow":["GET"]}}],"collection":[{"href":"https:\/\/macasbakery.com\/fr\/wp-json\/wp\/v2\/pages"}],"about":[{"href":"https:\/\/macasbakery.com\/fr\/wp-json\/wp\/v2\/types\/page"}],"author":[{"embeddable":true,"href":"https:\/\/macasbakery.com\/fr\/wp-json\/wp\/v2\/users\/1"}],"replies":[{"embeddable":true,"href":"https:\/\/macasbakery.com\/fr\/wp-json\/wp\/v2\/comments?post=3"}],"version-history":[{"count":14,"href":"https:\/\/macasbakery.com\/fr\/wp-json\/wp\/v2\/pages\/3\/revisions"}],"predecessor-version":[{"id":1326,"href":"https:\/\/macasbakery.com\/fr\/wp-json\/wp\/v2\/pages\/3\/revisions\/1326"}],"wp:attachment":[{"href":"https:\/\/macasbakery.com\/fr\/wp-json\/wp\/v2\/media?parent=3"}],"curies":[{"name":"wp","href":"https:\/\/api.w.org\/{rel}","templated":true}]}}