{"id":315,"date":"2025-09-12T16:47:05","date_gmt":"2025-09-12T16:47:05","guid":{"rendered":"https:\/\/macasbakery.com\/fr\/?page_id=315"},"modified":"2025-12-05T19:51:48","modified_gmt":"2025-12-06T00:51:48","slug":"nosotros","status":"publish","type":"page","link":"https:\/\/macasbakery.com\/fr\/nosotros\/","title":{"rendered":"Nosotros"},"content":{"rendered":"\t\t<div data-elementor-type=\"wp-page\" data-elementor-id=\"315\" class=\"elementor elementor-315\" data-elementor-post-type=\"page\">\n\t\t\t\t<div class=\"elementor-element elementor-element-5875fd9f e-flex e-con-boxed e-con e-parent\" data-id=\"5875fd9f\" data-element_type=\"container\">\n\t\t\t\t\t<div class=\"e-con-inner\">\n\t\t<div class=\"elementor-element elementor-element-2a66f227 e-con-full e-flex elementor-invisible e-con e-child\" data-id=\"2a66f227\" data-element_type=\"container\" data-settings=\"{&quot;animation&quot;:&quot;fadeInLeft&quot;}\">\n\t\t\t\t<div class=\"elementor-element elementor-element-3a9b0f6a elementor-widget elementor-widget-heading\" data-id=\"3a9b0f6a\" data-element_type=\"widget\" data-widget_type=\"heading.default\">\n\t\t\t\t\t<h6 class=\"elementor-heading-title elementor-size-default\">Qui est Maca<\/h6>\t\t\t\t<\/div>\n\t\t\t\t<div class=\"elementor-element elementor-element-33aedafd elementor-widget elementor-widget-heading\" data-id=\"33aedafd\" data-element_type=\"widget\" data-widget_type=\"heading.default\">\n\t\t\t\t\t<h1 class=\"elementor-heading-title elementor-size-default\">Voici son histoire<\/h1>\t\t\t\t<\/div>\n\t\t\t\t<div class=\"elementor-element elementor-element-483dd6d3 elementor-widget elementor-widget-heading\" data-id=\"483dd6d3\" data-element_type=\"widget\" data-widget_type=\"heading.default\">\n\t\t\t\t\t<div class=\"elementor-heading-title elementor-size-default\">Maca \u00e9tait une chienne errante au Mexique. Avec ses grandes oreilles et son regard plein de tendresse, elle cherchait chaque jour un endroit o\u00f9 se sentir en s\u00e9curit\u00e9. Jusqu\u2019au jour o\u00f9 une femme l\u2019a trouv\u00e9e et, dans un geste d\u2019amour, l\u2019a adopt\u00e9e et lui a ouvert son c\u0153ur. D\u00e8s cet instant, Maca a su qu\u2019elle ne serait plus jamais seule.<\/div>\t\t\t\t<\/div>\n\t\t\t\t<div class=\"elementor-element elementor-element-8c135e9 elementor-widget elementor-widget-heading\" data-id=\"8c135e9\" data-element_type=\"widget\" data-widget_type=\"heading.default\">\n\t\t\t\t\t<div class=\"elementor-heading-title elementor-size-default\">Ensemble, elles ont voyag\u00e9 jusqu\u2019\u00e0 Montr\u00e9al, o\u00f9 elle a d\u00e9couvert la neige, la chaleur d\u2019un foyer et la compagnie de nouveaux fr\u00e8res f\u00e9lins. Inspir\u00e9e par les jours o\u00f9 elle avait faim dans la rue, elle a r\u00eav\u00e9 de cr\u00e9er des friandises saines pour que les chiens et les chats puissent profiter de ce qu\u2019elle appr\u00e9ciait maintenant le plus : l\u2019amour et le soin. Avec l\u2019aide de sa maman, elle a ouvert une petite entreprise qui a rapidement rempli le quartier d\u2019ar\u00f4mes sucr\u00e9s et de joie.<\/div>\t\t\t\t<\/div>\n\t\t\t\t<div class=\"elementor-element elementor-element-fe9c244 elementor-widget elementor-widget-heading\" data-id=\"fe9c244\" data-element_type=\"widget\" data-widget_type=\"heading.default\">\n\t\t\t\t\t<div class=\"elementor-heading-title elementor-size-default\">Aujourd\u2019hui, Maca a non seulement une famille et un jardin pour courir, mais elle est aussi une petite entrepreneure poilue qui partage l\u2019amour, l\u2019espoir et la preuve que les fins heureuses existent bel et bien, une g\u00e2terie \u00e0 la fois.<\/div>\t\t\t\t<\/div>\n\t\t<div class=\"elementor-element elementor-element-2b2ad089 e-con-full e-flex e-con e-child\" data-id=\"2b2ad089\" data-element_type=\"container\">\n\t\t\t\t<div class=\"elementor-element elementor-element-35753b17 elementor-mobile-align-center elementor-widget-mobile__width-initial elementor-widget elementor-widget-button\" data-id=\"35753b17\" data-element_type=\"widget\" data-widget_type=\"button.default\">\n\t\t\t\t\t\t\t\t\t\t<a class=\"elementor-button elementor-button-link elementor-size-sm\" href=\"https:\/\/macasbakery.com\/fr\/tienda\/\">\n\t\t\t\t\t\t<span class=\"elementor-button-content-wrapper\">\n\t\t\t\t\t\t\t\t\t<span class=\"elementor-button-text\">Magasiner maintenant!<\/span>\n\t\t\t\t\t<\/span>\n\t\t\t\t\t<\/a>\n\t\t\t\t\t\t\t\t<\/div>\n\t\t\t\t<\/div>\n\t\t\t\t<\/div>\n\t\t<div class=\"elementor-element elementor-element-61de0cc6 e-con-full e-flex e-con e-child\" data-id=\"61de0cc6\" data-element_type=\"container\">\n\t\t\t\t<div class=\"elementor-element elementor-element-77224420 elementor-invisible elementor-widget elementor-widget-image\" data-id=\"77224420\" data-element_type=\"widget\" data-settings=\"{&quot;_animation&quot;:&quot;rotateIn&quot;}\" data-widget_type=\"image.default\">\n\t\t\t\t\t\t\t\t\t\t\t\t\t\t\t<img fetchpriority=\"high\" decoding=\"async\" width=\"800\" height=\"800\" src=\"https:\/\/macasbakery.com\/fr\/wp-content\/uploads\/2025\/10\/Foto-perfil-Maca.png\" class=\"attachment-full size-full wp-image-855\" alt=\"\" srcset=\"https:\/\/macasbakery.com\/fr\/wp-content\/uploads\/2025\/10\/Foto-perfil-Maca.png 800w, https:\/\/macasbakery.com\/fr\/wp-content\/uploads\/2025\/10\/Foto-perfil-Maca-300x300.png 300w, https:\/\/macasbakery.com\/fr\/wp-content\/uploads\/2025\/10\/Foto-perfil-Maca-150x150.png 150w, https:\/\/macasbakery.com\/fr\/wp-content\/uploads\/2025\/10\/Foto-perfil-Maca-768x768.png 768w, https:\/\/macasbakery.com\/fr\/wp-content\/uploads\/2025\/10\/Foto-perfil-Maca-600x600.png 600w, https:\/\/macasbakery.com\/fr\/wp-content\/uploads\/2025\/10\/Foto-perfil-Maca-100x100.png 100w\" sizes=\"(max-width: 800px) 100vw, 800px\" \/>\t\t\t\t\t\t\t\t\t\t\t\t\t\t\t<\/div>\n\t\t\t\t<div class=\"elementor-element elementor-element-7bd181e0 elementor-widget__width-initial elementor-absolute e-transform elementor-invisible elementor-widget elementor-widget-image\" data-id=\"7bd181e0\" data-element_type=\"widget\" data-settings=\"{&quot;_position&quot;:&quot;absolute&quot;,&quot;_transform_rotateZ_effect&quot;:{&quot;unit&quot;:&quot;px&quot;,&quot;size&quot;:-5,&quot;sizes&quot;:[]},&quot;_animation&quot;:&quot;rotateIn&quot;,&quot;_animation_delay&quot;:200,&quot;_transform_rotateZ_effect_tablet&quot;:{&quot;unit&quot;:&quot;deg&quot;,&quot;size&quot;:&quot;&quot;,&quot;sizes&quot;:[]},&quot;_transform_rotateZ_effect_mobile&quot;:{&quot;unit&quot;:&quot;deg&quot;,&quot;size&quot;:&quot;&quot;,&quot;sizes&quot;:[]}}\" data-widget_type=\"image.default\">\n\t\t\t\t\t\t\t\t\t\t\t\t\t\t\t<img decoding=\"async\" width=\"1823\" height=\"2048\" src=\"https:\/\/macasbakery.com\/fr\/wp-content\/uploads\/2025\/09\/Foto-Maca.jpeg\" class=\"attachment-full size-full wp-image-323\" alt=\"\" srcset=\"https:\/\/macasbakery.com\/fr\/wp-content\/uploads\/2025\/09\/Foto-Maca.jpeg 1823w, https:\/\/macasbakery.com\/fr\/wp-content\/uploads\/2025\/09\/Foto-Maca-267x300.jpeg 267w, https:\/\/macasbakery.com\/fr\/wp-content\/uploads\/2025\/09\/Foto-Maca-912x1024.jpeg 912w, https:\/\/macasbakery.com\/fr\/wp-content\/uploads\/2025\/09\/Foto-Maca-768x863.jpeg 768w, https:\/\/macasbakery.com\/fr\/wp-content\/uploads\/2025\/09\/Foto-Maca-1367x1536.jpeg 1367w, https:\/\/macasbakery.com\/fr\/wp-content\/uploads\/2025\/09\/Foto-Maca-600x674.jpeg 600w\" sizes=\"(max-width: 1823px) 100vw, 1823px\" \/>\t\t\t\t\t\t\t\t\t\t\t\t\t\t\t<\/div>\n\t\t\t\t<\/div>\n\t\t\t\t\t<\/div>\n\t\t\t\t<\/div>\n\t\t<div class=\"elementor-element elementor-element-78788e98 e-flex e-con-boxed e-con e-parent\" data-id=\"78788e98\" data-element_type=\"container\" data-settings=\"{&quot;background_background&quot;:&quot;classic&quot;}\">\n\t\t\t\t\t<div class=\"e-con-inner\">\n\t\t<div class=\"elementor-element elementor-element-31b26637 e-con-full e-flex elementor-invisible e-con e-child\" data-id=\"31b26637\" data-element_type=\"container\" data-settings=\"{&quot;animation&quot;:&quot;rubberBand&quot;}\">\n\t\t\t\t<div class=\"elementor-element elementor-element-4ccc8e06 elementor-widget elementor-widget-heading\" data-id=\"4ccc8e06\" data-element_type=\"widget\" data-widget_type=\"heading.default\">\n\t\t\t\t\t<div class=\"elementor-heading-title elementor-size-default\">Les animaux rendent votre vie meilleure<\/div>\t\t\t\t<\/div>\n\t\t\t\t<div class=\"elementor-element elementor-element-6e54ef20 elementor-widget elementor-widget-heading\" data-id=\"6e54ef20\" data-element_type=\"widget\" data-widget_type=\"heading.default\">\n\t\t\t\t\t<div class=\"elementor-heading-title elementor-size-default\">Chez Maca\u2019s Bakery, nous croyons que leur rendre cet amour commence par une alimentation saine et d\u00e9licieuse.<\/div>\t\t\t\t<\/div>\n\t\t\t\t<div class=\"elementor-element elementor-element-43b961a2 elementor-align-left elementor-mobile-align-center elementor-widget elementor-widget-button\" data-id=\"43b961a2\" data-element_type=\"widget\" data-widget_type=\"button.default\">\n\t\t\t\t\t\t\t\t\t\t<a class=\"elementor-button elementor-button-link elementor-size-sm\" href=\"https:\/\/macasbakery.com\/fr\/tienda\/\">\n\t\t\t\t\t\t<span class=\"elementor-button-content-wrapper\">\n\t\t\t\t\t\t\t\t\t<span class=\"elementor-button-text\">Magasiner<\/span>\n\t\t\t\t\t<\/span>\n\t\t\t\t\t<\/a>\n\t\t\t\t\t\t\t\t<\/div>\n\t\t\t\t<\/div>\n\t\t\t\t\t<\/div>\n\t\t\t\t<\/div>\n\t\t<div class=\"elementor-element elementor-element-6b3e1edc e-flex e-con-boxed e-con e-parent\" data-id=\"6b3e1edc\" data-element_type=\"container\">\n\t\t\t\t\t<div class=\"e-con-inner\">\n\t\t<div class=\"elementor-element elementor-element-150e6dd1 e-con-full e-flex e-con e-child\" data-id=\"150e6dd1\" data-element_type=\"container\">\n\t\t\t\t<div class=\"elementor-element elementor-element-33c7d74d elementor-invisible elementor-widget elementor-widget-image\" data-id=\"33c7d74d\" data-element_type=\"widget\" data-settings=\"{&quot;_animation&quot;:&quot;fadeInLeft&quot;}\" data-widget_type=\"image.default\">\n\t\t\t\t\t\t\t\t\t\t\t\t\t\t\t<img decoding=\"async\" width=\"1280\" height=\"853\" src=\"https:\/\/macasbakery.com\/fr\/wp-content\/uploads\/2025\/09\/apollo-parque.png\" class=\"attachment-full size-full wp-image-395\" alt=\"\" srcset=\"https:\/\/macasbakery.com\/fr\/wp-content\/uploads\/2025\/09\/apollo-parque.png 1280w, https:\/\/macasbakery.com\/fr\/wp-content\/uploads\/2025\/09\/apollo-parque-300x200.png 300w, https:\/\/macasbakery.com\/fr\/wp-content\/uploads\/2025\/09\/apollo-parque-1024x682.png 1024w, https:\/\/macasbakery.com\/fr\/wp-content\/uploads\/2025\/09\/apollo-parque-768x512.png 768w, https:\/\/macasbakery.com\/fr\/wp-content\/uploads\/2025\/09\/apollo-parque-600x400.png 600w\" sizes=\"(max-width: 1280px) 100vw, 1280px\" \/>\t\t\t\t\t\t\t\t\t\t\t\t\t\t\t<\/div>\n\t\t\t\t<\/div>\n\t\t<div class=\"elementor-element elementor-element-6bdad695 e-con-full e-flex elementor-invisible e-con e-child\" data-id=\"6bdad695\" data-element_type=\"container\" data-settings=\"{&quot;animation&quot;:&quot;fadeInRight&quot;}\">\n\t\t\t\t<div class=\"elementor-element elementor-element-67b6912 elementor-widget elementor-widget-heading\" data-id=\"67b6912\" data-element_type=\"widget\" data-widget_type=\"heading.default\">\n\t\t\t\t\t<h6 class=\"elementor-heading-title elementor-size-default\">Pourquoi nous choisir<\/h6>\t\t\t\t<\/div>\n\t\t\t\t<div class=\"elementor-element elementor-element-5ffcabe0 elementor-widget elementor-widget-heading\" data-id=\"5ffcabe0\" data-element_type=\"widget\" data-widget_type=\"heading.default\">\n\t\t\t\t\t<h2 class=\"elementor-heading-title elementor-size-default\">Avec nous, chaque animal se sent au paradis<\/h2>\t\t\t\t<\/div>\n\t\t\t\t<div class=\"elementor-element elementor-element-6edf02ea elementor-widget elementor-widget-text-editor\" data-id=\"6edf02ea\" data-element_type=\"widget\" data-widget_type=\"text-editor.default\">\n\t\t\t\t\t\t\t\t\t<p>Un lieu rempli de saveurs naturelles et d\u2019affection qui les rend heureux et en sant\u00e9.<\/p>\t\t\t\t\t\t\t\t<\/div>\n\t\t\t\t<div class=\"elementor-element elementor-element-4daaf8a elementor-widget elementor-widget-icon-box\" data-id=\"4daaf8a\" data-element_type=\"widget\" data-widget_type=\"icon-box.default\">\n\t\t\t\t\t\t\t<div class=\"elementor-icon-box-wrapper\">\n\n\t\t\t\n\t\t\t\t\t\t<div class=\"elementor-icon-box-content\">\n\n\t\t\t\t\t\t\t\t\t<div class=\"elementor-icon-box-title\">\n\t\t\t\t\t\t<span  >\n\t\t\t\t\t\t\tProduits de qualit\u00e9\t\t\t\t\t\t<\/span>\n\t\t\t\t\t<\/div>\n\t\t\t\t\n\t\t\t\t\t\t\t\t\t<p class=\"elementor-icon-box-description\">\n\t\t\t\t\t\tNous utilisons des ingr\u00e9dients 100 % naturels et des recettes soigneusement \u00e9labor\u00e9es pour que chaque biscuit et g\u00e2teau soit sain et d\u00e9licieux.\t\t\t\t\t<\/p>\n\t\t\t\t\n\t\t\t<\/div>\n\t\t\t\n\t\t<\/div>\n\t\t\t\t\t\t<\/div>\n\t\t\t\t<div class=\"elementor-element elementor-element-3f6eaca elementor-widget elementor-widget-icon-box\" data-id=\"3f6eaca\" data-element_type=\"widget\" data-widget_type=\"icon-box.default\">\n\t\t\t\t\t\t\t<div class=\"elementor-icon-box-wrapper\">\n\n\t\t\t\n\t\t\t\t\t\t<div class=\"elementor-icon-box-content\">\n\n\t\t\t\t\t\t\t\t\t<div class=\"elementor-icon-box-title\">\n\t\t\t\t\t\t<span  >\n\t\t\t\t\t\t\tPrix abordables\t\t\t\t\t\t<\/span>\n\t\t\t\t\t<\/div>\n\t\t\t\t\n\t\t\t\t\t\t\t\t\t<p class=\"elementor-icon-box-description\">\n\t\t\t\t\t\tNous voulons que choyer votre compagnon soit accessible \u00e0 tous, sans compromettre la qualit\u00e9.\t\t\t\t\t<\/p>\n\t\t\t\t\n\t\t\t<\/div>\n\t\t\t\n\t\t<\/div>\n\t\t\t\t\t\t<\/div>\n\t\t\t\t<div class=\"elementor-element elementor-element-6bb05af elementor-position-right elementor-mobile-position-right elementor-view-default elementor-widget elementor-widget-icon-box\" data-id=\"6bb05af\" data-element_type=\"widget\" data-widget_type=\"icon-box.default\">\n\t\t\t\t\t\t\t<div class=\"elementor-icon-box-wrapper\">\n\n\t\t\t\t\t\t<div class=\"elementor-icon-box-icon\">\n\t\t\t\t<a href=\"https:\/\/macasbakery.com\/fr\/macas-bakery\/#membresia\" class=\"elementor-icon\" tabindex=\"-1\" aria-label=\"Abonnement exclusif\">\n\t\t\t\t<i aria-hidden=\"true\" class=\"lnr lnr-chevron-right\"><\/i>\t\t\t\t<\/a>\n\t\t\t<\/div>\n\t\t\t\n\t\t\t\t\t\t<div class=\"elementor-icon-box-content\">\n\n\t\t\t\t\t\t\t\t\t<div class=\"elementor-icon-box-title\">\n\t\t\t\t\t\t<a href=\"https:\/\/macasbakery.com\/fr\/macas-bakery\/#membresia\" >\n\t\t\t\t\t\t\tAbonnement exclusif\t\t\t\t\t\t<\/a>\n\t\t\t\t\t<\/div>\n\t\t\t\t\n\t\t\t\t\t\t\t\t\t<p class=\"elementor-icon-box-description\">\n\t\t\t\t\t\tAvec notre programme de fid\u00e9lit\u00e9, vous accumulez des points, recevez des rabais et des surprises sp\u00e9ciales \u00e0 chaque commande.\t\t\t\t\t<\/p>\n\t\t\t\t\n\t\t\t<\/div>\n\t\t\t\n\t\t<\/div>\n\t\t\t\t\t\t<\/div>\n\t\t\t\t<\/div>\n\t\t\t\t\t<\/div>\n\t\t\t\t<\/div>\n\t\t\t\t<\/div>\n\t\t","protected":false},"excerpt":{"rendered":"<p>Qui est Maca Voici son histoire Maca \u00e9tait une chienne errante au Mexique. Avec ses grandes oreilles et son regard plein de tendresse, elle cherchait chaque jour un endroit o\u00f9 se sentir en s\u00e9curit\u00e9. Jusqu\u2019au jour o\u00f9 une femme l\u2019a trouv\u00e9e et, dans un geste d\u2019amour, l\u2019a adopt\u00e9e et lui a ouvert son c\u0153ur. D\u00e8s [&hellip;]<\/p>\n","protected":false},"author":1,"featured_media":0,"parent":0,"menu_order":0,"comment_status":"closed","ping_status":"closed","template":"","meta":{"footnotes":""},"class_list":["post-315","page","type-page","status-publish","hentry"],"yoast_head":"<!-- This site is optimized with the Yoast SEO plugin v26.5 - https:\/\/yoast.com\/wordpress\/plugins\/seo\/ -->\n<title>Nosotros - macasbakery.com<\/title>\n<meta name=\"robots\" content=\"index, follow, max-snippet:-1, max-image-preview:large, max-video-preview:-1\" \/>\n<link rel=\"canonical\" href=\"https:\/\/macasbakery.com\/fr\/nosotros\/\" \/>\n<meta property=\"og:locale\" content=\"fr_CA\" \/>\n<meta property=\"og:type\" content=\"article\" \/>\n<meta property=\"og:title\" content=\"Nosotros - macasbakery.com\" \/>\n<meta property=\"og:description\" content=\"Qui est Maca Voici son histoire Maca \u00e9tait une chienne errante au Mexique. Avec ses grandes oreilles et son regard plein de tendresse, elle cherchait chaque jour un endroit o\u00f9 se sentir en s\u00e9curit\u00e9. Jusqu\u2019au jour o\u00f9 une femme l\u2019a trouv\u00e9e et, dans un geste d\u2019amour, l\u2019a adopt\u00e9e et lui a ouvert son c\u0153ur. D\u00e8s [&hellip;]\" \/>\n<meta property=\"og:url\" content=\"https:\/\/macasbakery.com\/fr\/nosotros\/\" \/>\n<meta property=\"og:site_name\" content=\"macasbakery.com\" \/>\n<meta property=\"article:modified_time\" content=\"2025-12-06T00:51:48+00:00\" \/>\n<meta property=\"og:image\" content=\"https:\/\/macasbakery.com\/fr\/wp-content\/uploads\/2025\/10\/Foto-perfil-Maca.png\" \/>\n\t<meta property=\"og:image:width\" content=\"800\" \/>\n\t<meta property=\"og:image:height\" content=\"800\" \/>\n\t<meta property=\"og:image:type\" content=\"image\/png\" \/>\n<meta name=\"twitter:card\" content=\"summary_large_image\" \/>\n<meta name=\"twitter:label1\" content=\"Estimation du temps de lecture\" \/>\n\t<meta name=\"twitter:data1\" content=\"2 minutes\" \/>\n<script type=\"application\/ld+json\" class=\"yoast-schema-graph\">{\"@context\":\"https:\/\/schema.org\",\"@graph\":[{\"@type\":\"WebPage\",\"@id\":\"https:\/\/macasbakery.com\/fr\/nosotros\/\",\"url\":\"https:\/\/macasbakery.com\/fr\/nosotros\/\",\"name\":\"Nosotros - macasbakery.com\",\"isPartOf\":{\"@id\":\"https:\/\/macasbakery.com\/fr\/#website\"},\"primaryImageOfPage\":{\"@id\":\"https:\/\/macasbakery.com\/fr\/nosotros\/#primaryimage\"},\"image\":{\"@id\":\"https:\/\/macasbakery.com\/fr\/nosotros\/#primaryimage\"},\"thumbnailUrl\":\"https:\/\/macasbakery.com\/fr\/wp-content\/uploads\/2025\/10\/Foto-perfil-Maca.png\",\"datePublished\":\"2025-09-12T16:47:05+00:00\",\"dateModified\":\"2025-12-06T00:51:48+00:00\",\"breadcrumb\":{\"@id\":\"https:\/\/macasbakery.com\/fr\/nosotros\/#breadcrumb\"},\"inLanguage\":\"fr-CA\",\"potentialAction\":[{\"@type\":\"ReadAction\",\"target\":[\"https:\/\/macasbakery.com\/fr\/nosotros\/\"]}]},{\"@type\":\"ImageObject\",\"inLanguage\":\"fr-CA\",\"@id\":\"https:\/\/macasbakery.com\/fr\/nosotros\/#primaryimage\",\"url\":\"https:\/\/macasbakery.com\/fr\/wp-content\/uploads\/2025\/10\/Foto-perfil-Maca.png\",\"contentUrl\":\"https:\/\/macasbakery.com\/fr\/wp-content\/uploads\/2025\/10\/Foto-perfil-Maca.png\",\"width\":800,\"height\":800},{\"@type\":\"BreadcrumbList\",\"@id\":\"https:\/\/macasbakery.com\/fr\/nosotros\/#breadcrumb\",\"itemListElement\":[{\"@type\":\"ListItem\",\"position\":1,\"name\":\"Inicio\",\"item\":\"https:\/\/macasbakery.com\/fr\/\"},{\"@type\":\"ListItem\",\"position\":2,\"name\":\"Nosotros\"}]},{\"@type\":\"WebSite\",\"@id\":\"https:\/\/macasbakery.com\/fr\/#website\",\"url\":\"https:\/\/macasbakery.com\/fr\/\",\"name\":\"macasbakery.com\",\"description\":\"\",\"potentialAction\":[{\"@type\":\"SearchAction\",\"target\":{\"@type\":\"EntryPoint\",\"urlTemplate\":\"https:\/\/macasbakery.com\/fr\/?s={search_term_string}\"},\"query-input\":{\"@type\":\"PropertyValueSpecification\",\"valueRequired\":true,\"valueName\":\"search_term_string\"}}],\"inLanguage\":\"fr-CA\"}]}<\/script>\n<!-- \/ Yoast SEO plugin. -->","yoast_head_json":{"title":"Nosotros - macasbakery.com","robots":{"index":"index","follow":"follow","max-snippet":"max-snippet:-1","max-image-preview":"max-image-preview:large","max-video-preview":"max-video-preview:-1"},"canonical":"https:\/\/macasbakery.com\/fr\/nosotros\/","og_locale":"fr_CA","og_type":"article","og_title":"Nosotros - macasbakery.com","og_description":"Qui est Maca Voici son histoire Maca \u00e9tait une chienne errante au Mexique. Avec ses grandes oreilles et son regard plein de tendresse, elle cherchait chaque jour un endroit o\u00f9 se sentir en s\u00e9curit\u00e9. Jusqu\u2019au jour o\u00f9 une femme l\u2019a trouv\u00e9e et, dans un geste d\u2019amour, l\u2019a adopt\u00e9e et lui a ouvert son c\u0153ur. D\u00e8s [&hellip;]","og_url":"https:\/\/macasbakery.com\/fr\/nosotros\/","og_site_name":"macasbakery.com","article_modified_time":"2025-12-06T00:51:48+00:00","og_image":[{"width":800,"height":800,"url":"https:\/\/macasbakery.com\/fr\/wp-content\/uploads\/2025\/10\/Foto-perfil-Maca.png","type":"image\/png"}],"twitter_card":"summary_large_image","twitter_misc":{"Estimation du temps de lecture":"2 minutes"},"schema":{"@context":"https:\/\/schema.org","@graph":[{"@type":"WebPage","@id":"https:\/\/macasbakery.com\/fr\/nosotros\/","url":"https:\/\/macasbakery.com\/fr\/nosotros\/","name":"Nosotros - macasbakery.com","isPartOf":{"@id":"https:\/\/macasbakery.com\/fr\/#website"},"primaryImageOfPage":{"@id":"https:\/\/macasbakery.com\/fr\/nosotros\/#primaryimage"},"image":{"@id":"https:\/\/macasbakery.com\/fr\/nosotros\/#primaryimage"},"thumbnailUrl":"https:\/\/macasbakery.com\/fr\/wp-content\/uploads\/2025\/10\/Foto-perfil-Maca.png","datePublished":"2025-09-12T16:47:05+00:00","dateModified":"2025-12-06T00:51:48+00:00","breadcrumb":{"@id":"https:\/\/macasbakery.com\/fr\/nosotros\/#breadcrumb"},"inLanguage":"fr-CA","potentialAction":[{"@type":"ReadAction","target":["https:\/\/macasbakery.com\/fr\/nosotros\/"]}]},{"@type":"ImageObject","inLanguage":"fr-CA","@id":"https:\/\/macasbakery.com\/fr\/nosotros\/#primaryimage","url":"https:\/\/macasbakery.com\/fr\/wp-content\/uploads\/2025\/10\/Foto-perfil-Maca.png","contentUrl":"https:\/\/macasbakery.com\/fr\/wp-content\/uploads\/2025\/10\/Foto-perfil-Maca.png","width":800,"height":800},{"@type":"BreadcrumbList","@id":"https:\/\/macasbakery.com\/fr\/nosotros\/#breadcrumb","itemListElement":[{"@type":"ListItem","position":1,"name":"Inicio","item":"https:\/\/macasbakery.com\/fr\/"},{"@type":"ListItem","position":2,"name":"Nosotros"}]},{"@type":"WebSite","@id":"https:\/\/macasbakery.com\/fr\/#website","url":"https:\/\/macasbakery.com\/fr\/","name":"macasbakery.com","description":"","potentialAction":[{"@type":"SearchAction","target":{"@type":"EntryPoint","urlTemplate":"https:\/\/macasbakery.com\/fr\/?s={search_term_string}"},"query-input":{"@type":"PropertyValueSpecification","valueRequired":true,"valueName":"search_term_string"}}],"inLanguage":"fr-CA"}]}},"_links":{"self":[{"href":"https:\/\/macasbakery.com\/fr\/wp-json\/wp\/v2\/pages\/315","targetHints":{"allow":["GET"]}}],"collection":[{"href":"https:\/\/macasbakery.com\/fr\/wp-json\/wp\/v2\/pages"}],"about":[{"href":"https:\/\/macasbakery.com\/fr\/wp-json\/wp\/v2\/types\/page"}],"author":[{"embeddable":true,"href":"https:\/\/macasbakery.com\/fr\/wp-json\/wp\/v2\/users\/1"}],"replies":[{"embeddable":true,"href":"https:\/\/macasbakery.com\/fr\/wp-json\/wp\/v2\/comments?post=315"}],"version-history":[{"count":67,"href":"https:\/\/macasbakery.com\/fr\/wp-json\/wp\/v2\/pages\/315\/revisions"}],"predecessor-version":[{"id":1314,"href":"https:\/\/macasbakery.com\/fr\/wp-json\/wp\/v2\/pages\/315\/revisions\/1314"}],"wp:attachment":[{"href":"https:\/\/macasbakery.com\/fr\/wp-json\/wp\/v2\/media?parent=315"}],"curies":[{"name":"wp","href":"https:\/\/api.w.org\/{rel}","templated":true}]}}