{"id":34,"date":"2025-08-20T04:41:54","date_gmt":"2025-08-20T04:41:54","guid":{"rendered":"https:\/\/macasbakery.com\/fr\/my-account\/"},"modified":"2025-12-08T09:30:11","modified_gmt":"2025-12-08T14:30:11","slug":"mi-cuenta","status":"publish","type":"page","link":"https:\/\/macasbakery.com\/fr\/mi-cuenta\/","title":{"rendered":"Mon compte"},"content":{"rendered":"\t\t<div data-elementor-type=\"wp-page\" data-elementor-id=\"34\" class=\"elementor elementor-34\" data-elementor-post-type=\"page\">\n\t\t\t\t<div class=\"elementor-element elementor-element-5f4c4940 e-flex e-con-boxed e-con e-parent\" data-id=\"5f4c4940\" data-element_type=\"container\" data-settings=\"{&quot;background_background&quot;:&quot;classic&quot;}\">\n\t\t\t\t\t<div class=\"e-con-inner\">\n\t\t\t\t<div class=\"elementor-element elementor-element-6b4155a elementor-widget elementor-widget-heading\" data-id=\"6b4155a\" data-element_type=\"widget\" data-widget_type=\"heading.default\">\n\t\t\t\t\t<h1 class=\"elementor-heading-title elementor-size-default\">Mi Cuenta<\/h1>\t\t\t\t<\/div>\n\t\t\t\t\t<\/div>\n\t\t\t\t<\/div>\n\t\t<div class=\"elementor-element elementor-element-66f3b72e e-flex e-con-boxed e-con e-parent\" data-id=\"66f3b72e\" data-element_type=\"container\" data-settings=\"{&quot;background_background&quot;:&quot;classic&quot;}\">\n\t\t\t\t\t<div class=\"e-con-inner\">\n\t\t\t\t<div class=\"elementor-element elementor-element-4babcd88 e-my-account-tabs-vertical elementor-widget elementor-widget-woocommerce-my-account\" data-id=\"4babcd88\" data-element_type=\"widget\" data-widget_type=\"woocommerce-my-account.default\">\n\t\t\t\t\t<div class=\"e-my-account-tab e-my-account-tab__ \">\t\t\t<div class=\"woocommerce\"><\/div>\t\t<\/div>\n\t\t\t\t\t\t<\/div>\n\t\t\t\t\t<\/div>\n\t\t\t\t<\/div>\n\t\t\t\t<\/div>\n\t\t","protected":false},"excerpt":{"rendered":"<p>Mi Cuenta Panel Pedidos Descargas Direcciones Detalles de la cuenta Logout Hola albertocapitaine@gmail.com (\u00bfno eres albertocapitaine@gmail.com? Cerrar sesi\u00f3n) Desde el escritorio de tu cuenta puedes ver tus pedidos recientes, gestionar tu direcci\u00f3n de facturaci\u00f3n y editar tu contrase\u00f1a y los detalles de tu cuenta.<\/p>\n","protected":false},"author":1,"featured_media":0,"parent":0,"menu_order":0,"comment_status":"closed","ping_status":"closed","template":"","meta":{"footnotes":""},"class_list":["post-34","page","type-page","status-publish","hentry"],"yoast_head":"<!-- This site is optimized with the Yoast SEO plugin v26.5 - https:\/\/yoast.com\/wordpress\/plugins\/seo\/ -->\n<title>Mon compte - macasbakery.com<\/title>\n<meta name=\"robots\" content=\"index, follow, max-snippet:-1, max-image-preview:large, max-video-preview:-1\" \/>\n<link rel=\"canonical\" href=\"https:\/\/macasbakery.com\/fr\/mi-cuenta\/\" \/>\n<meta property=\"og:locale\" content=\"fr_CA\" \/>\n<meta property=\"og:type\" content=\"article\" \/>\n<meta property=\"og:title\" content=\"Mon compte - macasbakery.com\" \/>\n<meta property=\"og:description\" content=\"Mi Cuenta Panel Pedidos Descargas Direcciones Detalles de la cuenta Logout Hola albertocapitaine@gmail.com (\u00bfno eres albertocapitaine@gmail.com? Cerrar sesi\u00f3n) Desde el escritorio de tu cuenta puedes ver tus pedidos recientes, gestionar tu direcci\u00f3n de facturaci\u00f3n y editar tu contrase\u00f1a y los detalles de tu cuenta.\" \/>\n<meta property=\"og:url\" content=\"https:\/\/macasbakery.com\/fr\/mi-cuenta\/\" \/>\n<meta property=\"og:site_name\" content=\"macasbakery.com\" \/>\n<meta property=\"article:modified_time\" content=\"2025-12-08T14:30:11+00:00\" \/>\n<meta name=\"twitter:card\" content=\"summary_large_image\" \/>\n<meta name=\"twitter:label1\" content=\"Estimation du temps de lecture\" \/>\n\t<meta name=\"twitter:data1\" content=\"1 minute\" \/>\n<script type=\"application\/ld+json\" class=\"yoast-schema-graph\">{\"@context\":\"https:\/\/schema.org\",\"@graph\":[{\"@type\":\"WebPage\",\"@id\":\"https:\/\/macasbakery.com\/fr\/mi-cuenta\/\",\"url\":\"https:\/\/macasbakery.com\/fr\/mi-cuenta\/\",\"name\":\"Mon compte - macasbakery.com\",\"isPartOf\":{\"@id\":\"https:\/\/macasbakery.com\/fr\/#website\"},\"datePublished\":\"2025-08-20T04:41:54+00:00\",\"dateModified\":\"2025-12-08T14:30:11+00:00\",\"breadcrumb\":{\"@id\":\"https:\/\/macasbakery.com\/fr\/mi-cuenta\/#breadcrumb\"},\"inLanguage\":\"fr-CA\",\"potentialAction\":[{\"@type\":\"ReadAction\",\"target\":[\"https:\/\/macasbakery.com\/fr\/mi-cuenta\/\"]}]},{\"@type\":\"BreadcrumbList\",\"@id\":\"https:\/\/macasbakery.com\/fr\/mi-cuenta\/#breadcrumb\",\"itemListElement\":[{\"@type\":\"ListItem\",\"position\":1,\"name\":\"Inicio\",\"item\":\"https:\/\/macasbakery.com\/fr\/\"},{\"@type\":\"ListItem\",\"position\":2,\"name\":\"Mon compte\"}]},{\"@type\":\"WebSite\",\"@id\":\"https:\/\/macasbakery.com\/fr\/#website\",\"url\":\"https:\/\/macasbakery.com\/fr\/\",\"name\":\"macasbakery.com\",\"description\":\"\",\"potentialAction\":[{\"@type\":\"SearchAction\",\"target\":{\"@type\":\"EntryPoint\",\"urlTemplate\":\"https:\/\/macasbakery.com\/fr\/?s={search_term_string}\"},\"query-input\":{\"@type\":\"PropertyValueSpecification\",\"valueRequired\":true,\"valueName\":\"search_term_string\"}}],\"inLanguage\":\"fr-CA\"}]}<\/script>\n<!-- \/ Yoast SEO plugin. -->","yoast_head_json":{"title":"Mon compte - macasbakery.com","robots":{"index":"index","follow":"follow","max-snippet":"max-snippet:-1","max-image-preview":"max-image-preview:large","max-video-preview":"max-video-preview:-1"},"canonical":"https:\/\/macasbakery.com\/fr\/mi-cuenta\/","og_locale":"fr_CA","og_type":"article","og_title":"Mon compte - macasbakery.com","og_description":"Mi Cuenta Panel Pedidos Descargas Direcciones Detalles de la cuenta Logout Hola albertocapitaine@gmail.com (\u00bfno eres albertocapitaine@gmail.com? Cerrar sesi\u00f3n) Desde el escritorio de tu cuenta puedes ver tus pedidos recientes, gestionar tu direcci\u00f3n de facturaci\u00f3n y editar tu contrase\u00f1a y los detalles de tu cuenta.","og_url":"https:\/\/macasbakery.com\/fr\/mi-cuenta\/","og_site_name":"macasbakery.com","article_modified_time":"2025-12-08T14:30:11+00:00","twitter_card":"summary_large_image","twitter_misc":{"Estimation du temps de lecture":"1 minute"},"schema":{"@context":"https:\/\/schema.org","@graph":[{"@type":"WebPage","@id":"https:\/\/macasbakery.com\/fr\/mi-cuenta\/","url":"https:\/\/macasbakery.com\/fr\/mi-cuenta\/","name":"Mon compte - macasbakery.com","isPartOf":{"@id":"https:\/\/macasbakery.com\/fr\/#website"},"datePublished":"2025-08-20T04:41:54+00:00","dateModified":"2025-12-08T14:30:11+00:00","breadcrumb":{"@id":"https:\/\/macasbakery.com\/fr\/mi-cuenta\/#breadcrumb"},"inLanguage":"fr-CA","potentialAction":[{"@type":"ReadAction","target":["https:\/\/macasbakery.com\/fr\/mi-cuenta\/"]}]},{"@type":"BreadcrumbList","@id":"https:\/\/macasbakery.com\/fr\/mi-cuenta\/#breadcrumb","itemListElement":[{"@type":"ListItem","position":1,"name":"Inicio","item":"https:\/\/macasbakery.com\/fr\/"},{"@type":"ListItem","position":2,"name":"Mon compte"}]},{"@type":"WebSite","@id":"https:\/\/macasbakery.com\/fr\/#website","url":"https:\/\/macasbakery.com\/fr\/","name":"macasbakery.com","description":"","potentialAction":[{"@type":"SearchAction","target":{"@type":"EntryPoint","urlTemplate":"https:\/\/macasbakery.com\/fr\/?s={search_term_string}"},"query-input":{"@type":"PropertyValueSpecification","valueRequired":true,"valueName":"search_term_string"}}],"inLanguage":"fr-CA"}]}},"_links":{"self":[{"href":"https:\/\/macasbakery.com\/fr\/wp-json\/wp\/v2\/pages\/34","targetHints":{"allow":["GET"]}}],"collection":[{"href":"https:\/\/macasbakery.com\/fr\/wp-json\/wp\/v2\/pages"}],"about":[{"href":"https:\/\/macasbakery.com\/fr\/wp-json\/wp\/v2\/types\/page"}],"author":[{"embeddable":true,"href":"https:\/\/macasbakery.com\/fr\/wp-json\/wp\/v2\/users\/1"}],"replies":[{"embeddable":true,"href":"https:\/\/macasbakery.com\/fr\/wp-json\/wp\/v2\/comments?post=34"}],"version-history":[{"count":8,"href":"https:\/\/macasbakery.com\/fr\/wp-json\/wp\/v2\/pages\/34\/revisions"}],"predecessor-version":[{"id":1351,"href":"https:\/\/macasbakery.com\/fr\/wp-json\/wp\/v2\/pages\/34\/revisions\/1351"}],"wp:attachment":[{"href":"https:\/\/macasbakery.com\/fr\/wp-json\/wp\/v2\/media?parent=34"}],"curies":[{"name":"wp","href":"https:\/\/api.w.org\/{rel}","templated":true}]}}