{"id":35,"date":"2025-10-24T07:49:31","date_gmt":"2025-10-24T12:49:31","guid":{"rendered":"https:\/\/macasbakery.com\/fr\/?page_id=35"},"modified":"2025-12-05T19:56:49","modified_gmt":"2025-12-06T00:56:49","slug":"refund_returns","status":"publish","type":"page","link":"https:\/\/macasbakery.com\/fr\/refund_returns\/","title":{"rendered":"T\u00e9rminos y Condiciones"},"content":{"rendered":"\t\t<div data-elementor-type=\"wp-page\" data-elementor-id=\"35\" class=\"elementor elementor-35\" data-elementor-post-type=\"page\">\n\t\t\t\t<div class=\"elementor-element elementor-element-500c79d9 e-flex e-con-boxed e-con e-parent\" data-id=\"500c79d9\" data-element_type=\"container\">\n\t\t\t\t\t<div class=\"e-con-inner\">\n\t\t\t\t<div class=\"elementor-element elementor-element-b9b8efc elementor-widget elementor-widget-text-editor\" data-id=\"b9b8efc\" data-element_type=\"widget\" data-widget_type=\"text-editor.default\">\n\t\t\t\t\t\t\t\t\t\n<h1>Conditions d\u2019utilisation<\/h1>\n<p>En utilisant ce site, vous acceptez ces conditions d\u2019utilisation. Veuillez les lire attentivement avant de faire un achat.<\/p>\n\n<h4 class=\"wp-block-heading\"><strong>1. Utilisation du site<\/strong><\/h4>\n\n<p>L\u2019utilisateur s\u2019engage \u00e0 fournir des renseignements exacts et \u00e0 ne pas utiliser le site \u00e0 des fins ill\u00e9gales.<\/p>\n\n<h4 class=\"wp-block-heading\"><strong>2. Produits et prix<\/strong><\/h4>\n\n<p>Les prix sont en CAD et incluent les taxes applicables. Ils peuvent \u00eatre modifi\u00e9s sans pr\u00e9avis.<\/p>\n\n<h4 class=\"wp-block-heading\"><strong>3. Paiements et livraisons<\/strong><\/h4>\n\n<p>Paiements s\u00e9curis\u00e9s par PayPal, Stripe ou carte de cr\u00e9dit. Livraison locale et nationale au Canada.<\/p>\n\n<h4 class=\"wp-block-heading\"><strong>4. Remboursements<\/strong><\/h4>\n\n<p>Les produits alimentaires ne sont pas remboursables. Contactez-nous dans les 48 heures pour un produit endommag\u00e9.<\/p>\n<p><strong><\/strong><\/p>\n<h4 class=\"wp-block-heading\"><strong>5. Propri\u00e9t\u00e9 intellectuelle<\/strong><\/h4>\n\n<p>Tout le contenu du site appartient \u00e0 Maca\u2019s Bakery. Reproduction interdite sans autorisation.<\/p>\n<p><strong><\/strong><\/p>\n<h4 class=\"wp-block-heading\"><strong>6. Lois applicables<\/strong><\/h4>\n\n<p>Soumis aux lois du Qu\u00e9bec et du Canada. Tribunal comp\u00e9tent : Longueuil, QC.<\/p>\n\t\t\t\t\t\t\t\t<\/div>\n\t\t\t\t\t<\/div>\n\t\t\t\t<\/div>\n\t\t\t\t<\/div>\n\t\t","protected":false},"excerpt":{"rendered":"<p>Conditions d\u2019utilisation En utilisant ce site, vous acceptez ces conditions d\u2019utilisation. Veuillez les lire attentivement avant de faire un achat. 1. Utilisation du site L\u2019utilisateur s\u2019engage \u00e0 fournir des renseignements exacts et \u00e0 ne pas utiliser le site \u00e0 des fins ill\u00e9gales. 2. Produits et prix Les prix sont en CAD et incluent les taxes [&hellip;]<\/p>\n","protected":false},"author":1,"featured_media":0,"parent":0,"menu_order":0,"comment_status":"closed","ping_status":"closed","template":"","meta":{"footnotes":""},"class_list":["post-35","page","type-page","status-publish","hentry"],"yoast_head":"<!-- This site is optimized with the Yoast SEO plugin v26.5 - https:\/\/yoast.com\/wordpress\/plugins\/seo\/ -->\n<title>T\u00e9rminos y Condiciones - macasbakery.com<\/title>\n<meta name=\"robots\" content=\"index, follow, max-snippet:-1, max-image-preview:large, max-video-preview:-1\" \/>\n<link rel=\"canonical\" href=\"https:\/\/macasbakery.com\/fr\/refund_returns\/\" \/>\n<meta property=\"og:locale\" content=\"fr_CA\" \/>\n<meta property=\"og:type\" content=\"article\" \/>\n<meta property=\"og:title\" content=\"T\u00e9rminos y Condiciones - macasbakery.com\" \/>\n<meta property=\"og:description\" content=\"Conditions d\u2019utilisation En utilisant ce site, vous acceptez ces conditions d\u2019utilisation. Veuillez les lire attentivement avant de faire un achat. 1. Utilisation du site L\u2019utilisateur s\u2019engage \u00e0 fournir des renseignements exacts et \u00e0 ne pas utiliser le site \u00e0 des fins ill\u00e9gales. 2. Produits et prix Les prix sont en CAD et incluent les taxes [&hellip;]\" \/>\n<meta property=\"og:url\" content=\"https:\/\/macasbakery.com\/fr\/refund_returns\/\" \/>\n<meta property=\"og:site_name\" content=\"macasbakery.com\" \/>\n<meta property=\"article:modified_time\" content=\"2025-12-06T00:56:49+00:00\" \/>\n<meta name=\"twitter:card\" content=\"summary_large_image\" \/>\n<meta name=\"twitter:label1\" content=\"Estimation du temps de lecture\" \/>\n\t<meta name=\"twitter:data1\" content=\"1 minute\" \/>\n<script type=\"application\/ld+json\" class=\"yoast-schema-graph\">{\"@context\":\"https:\/\/schema.org\",\"@graph\":[{\"@type\":\"WebPage\",\"@id\":\"https:\/\/macasbakery.com\/fr\/refund_returns\/\",\"url\":\"https:\/\/macasbakery.com\/fr\/refund_returns\/\",\"name\":\"T\u00e9rminos y Condiciones - macasbakery.com\",\"isPartOf\":{\"@id\":\"https:\/\/macasbakery.com\/fr\/#website\"},\"datePublished\":\"2025-10-24T12:49:31+00:00\",\"dateModified\":\"2025-12-06T00:56:49+00:00\",\"breadcrumb\":{\"@id\":\"https:\/\/macasbakery.com\/fr\/refund_returns\/#breadcrumb\"},\"inLanguage\":\"fr-CA\",\"potentialAction\":[{\"@type\":\"ReadAction\",\"target\":[\"https:\/\/macasbakery.com\/fr\/refund_returns\/\"]}]},{\"@type\":\"BreadcrumbList\",\"@id\":\"https:\/\/macasbakery.com\/fr\/refund_returns\/#breadcrumb\",\"itemListElement\":[{\"@type\":\"ListItem\",\"position\":1,\"name\":\"Inicio\",\"item\":\"https:\/\/macasbakery.com\/fr\/\"},{\"@type\":\"ListItem\",\"position\":2,\"name\":\"T\u00e9rminos y Condiciones\"}]},{\"@type\":\"WebSite\",\"@id\":\"https:\/\/macasbakery.com\/fr\/#website\",\"url\":\"https:\/\/macasbakery.com\/fr\/\",\"name\":\"macasbakery.com\",\"description\":\"\",\"potentialAction\":[{\"@type\":\"SearchAction\",\"target\":{\"@type\":\"EntryPoint\",\"urlTemplate\":\"https:\/\/macasbakery.com\/fr\/?s={search_term_string}\"},\"query-input\":{\"@type\":\"PropertyValueSpecification\",\"valueRequired\":true,\"valueName\":\"search_term_string\"}}],\"inLanguage\":\"fr-CA\"}]}<\/script>\n<!-- \/ Yoast SEO plugin. -->","yoast_head_json":{"title":"T\u00e9rminos y Condiciones - macasbakery.com","robots":{"index":"index","follow":"follow","max-snippet":"max-snippet:-1","max-image-preview":"max-image-preview:large","max-video-preview":"max-video-preview:-1"},"canonical":"https:\/\/macasbakery.com\/fr\/refund_returns\/","og_locale":"fr_CA","og_type":"article","og_title":"T\u00e9rminos y Condiciones - macasbakery.com","og_description":"Conditions d\u2019utilisation En utilisant ce site, vous acceptez ces conditions d\u2019utilisation. Veuillez les lire attentivement avant de faire un achat. 1. Utilisation du site L\u2019utilisateur s\u2019engage \u00e0 fournir des renseignements exacts et \u00e0 ne pas utiliser le site \u00e0 des fins ill\u00e9gales. 2. Produits et prix Les prix sont en CAD et incluent les taxes [&hellip;]","og_url":"https:\/\/macasbakery.com\/fr\/refund_returns\/","og_site_name":"macasbakery.com","article_modified_time":"2025-12-06T00:56:49+00:00","twitter_card":"summary_large_image","twitter_misc":{"Estimation du temps de lecture":"1 minute"},"schema":{"@context":"https:\/\/schema.org","@graph":[{"@type":"WebPage","@id":"https:\/\/macasbakery.com\/fr\/refund_returns\/","url":"https:\/\/macasbakery.com\/fr\/refund_returns\/","name":"T\u00e9rminos y Condiciones - macasbakery.com","isPartOf":{"@id":"https:\/\/macasbakery.com\/fr\/#website"},"datePublished":"2025-10-24T12:49:31+00:00","dateModified":"2025-12-06T00:56:49+00:00","breadcrumb":{"@id":"https:\/\/macasbakery.com\/fr\/refund_returns\/#breadcrumb"},"inLanguage":"fr-CA","potentialAction":[{"@type":"ReadAction","target":["https:\/\/macasbakery.com\/fr\/refund_returns\/"]}]},{"@type":"BreadcrumbList","@id":"https:\/\/macasbakery.com\/fr\/refund_returns\/#breadcrumb","itemListElement":[{"@type":"ListItem","position":1,"name":"Inicio","item":"https:\/\/macasbakery.com\/fr\/"},{"@type":"ListItem","position":2,"name":"T\u00e9rminos y Condiciones"}]},{"@type":"WebSite","@id":"https:\/\/macasbakery.com\/fr\/#website","url":"https:\/\/macasbakery.com\/fr\/","name":"macasbakery.com","description":"","potentialAction":[{"@type":"SearchAction","target":{"@type":"EntryPoint","urlTemplate":"https:\/\/macasbakery.com\/fr\/?s={search_term_string}"},"query-input":{"@type":"PropertyValueSpecification","valueRequired":true,"valueName":"search_term_string"}}],"inLanguage":"fr-CA"}]}},"_links":{"self":[{"href":"https:\/\/macasbakery.com\/fr\/wp-json\/wp\/v2\/pages\/35","targetHints":{"allow":["GET"]}}],"collection":[{"href":"https:\/\/macasbakery.com\/fr\/wp-json\/wp\/v2\/pages"}],"about":[{"href":"https:\/\/macasbakery.com\/fr\/wp-json\/wp\/v2\/types\/page"}],"author":[{"embeddable":true,"href":"https:\/\/macasbakery.com\/fr\/wp-json\/wp\/v2\/users\/1"}],"replies":[{"embeddable":true,"href":"https:\/\/macasbakery.com\/fr\/wp-json\/wp\/v2\/comments?post=35"}],"version-history":[{"count":6,"href":"https:\/\/macasbakery.com\/fr\/wp-json\/wp\/v2\/pages\/35\/revisions"}],"predecessor-version":[{"id":1320,"href":"https:\/\/macasbakery.com\/fr\/wp-json\/wp\/v2\/pages\/35\/revisions\/1320"}],"wp:attachment":[{"href":"https:\/\/macasbakery.com\/fr\/wp-json\/wp\/v2\/media?parent=35"}],"curies":[{"name":"wp","href":"https:\/\/api.w.org\/{rel}","templated":true}]}}