{"id":429,"date":"2025-09-16T19:02:40","date_gmt":"2025-09-17T00:02:40","guid":{"rendered":"https:\/\/macasbakery.com\/fr\/?post_type=product&#038;p=429"},"modified":"2025-12-05T20:10:31","modified_gmt":"2025-12-06T01:10:31","slug":"pastel-de-cumpleanos-para-perro-de-carne-molida-y-zanahoria","status":"publish","type":"product","link":"https:\/\/macasbakery.com\/fr\/producto\/pastel-de-cumpleanos-para-perro-de-carne-molida-y-zanahoria\/","title":{"rendered":"G\u00e2teau d\u2019anniversaire pour chien au b\u0153uf hach\u00e9 et \u00e0 la carotte"},"content":{"rendered":"<p>Pasteles de cumplea\u00f1os para perros (por unidad)<\/p>\n<p>Nutritivo y delicioso, pensado para ocasiones festivas.<\/p>\n","protected":false},"excerpt":{"rendered":"<p>Nourrissant et d\u00e9licieux, con\u00e7u pour les occasions festives.<\/p>\n","protected":false},"featured_media":744,"comment_status":"open","ping_status":"closed","template":"","meta":[],"product_brand":[],"product_cat":[45],"product_tag":[],"class_list":{"0":"post-429","1":"product","2":"type-product","3":"status-publish","4":"has-post-thumbnail","6":"product_cat-pasteles","8":"first","9":"instock","10":"taxable","11":"shipping-taxable","12":"purchasable","13":"product-type-simple"},"yoast_head":"<!-- This site is optimized with the Yoast SEO plugin v26.5 - https:\/\/yoast.com\/wordpress\/plugins\/seo\/ -->\n<title>G\u00e2teau d\u2019anniversaire pour chien au b\u0153uf hach\u00e9 et \u00e0 la carotte - macasbakery.com<\/title>\n<meta name=\"robots\" content=\"index, follow, max-snippet:-1, max-image-preview:large, max-video-preview:-1\" \/>\n<link rel=\"canonical\" href=\"https:\/\/macasbakery.com\/fr\/producto\/pastel-de-cumpleanos-para-perro-de-carne-molida-y-zanahoria\/\" \/>\n<meta property=\"og:locale\" content=\"fr_CA\" \/>\n<meta property=\"og:type\" content=\"article\" \/>\n<meta property=\"og:title\" content=\"G\u00e2teau d\u2019anniversaire pour chien au b\u0153uf hach\u00e9 et \u00e0 la carotte - macasbakery.com\" \/>\n<meta property=\"og:description\" content=\"Nourrissant et d\u00e9licieux, con\u00e7u pour les occasions festives.\" \/>\n<meta property=\"og:url\" content=\"https:\/\/macasbakery.com\/fr\/producto\/pastel-de-cumpleanos-para-perro-de-carne-molida-y-zanahoria\/\" \/>\n<meta property=\"og:site_name\" content=\"macasbakery.com\" \/>\n<meta property=\"article:modified_time\" content=\"2025-12-06T01:10:31+00:00\" \/>\n<meta property=\"og:image\" content=\"https:\/\/macasbakery.com\/fr\/wp-content\/uploads\/2025\/09\/6-1024x1024.png\" \/>\n\t<meta property=\"og:image:width\" content=\"1024\" \/>\n\t<meta property=\"og:image:height\" content=\"1024\" \/>\n\t<meta property=\"og:image:type\" content=\"image\/png\" \/>\n<meta name=\"twitter:card\" content=\"summary_large_image\" \/>\n<meta name=\"twitter:label1\" content=\"Estimation du temps de lecture\" \/>\n\t<meta name=\"twitter:data1\" content=\"1 minute\" \/>\n<script type=\"application\/ld+json\" class=\"yoast-schema-graph\">{\"@context\":\"https:\/\/schema.org\",\"@graph\":[{\"@type\":\"WebPage\",\"@id\":\"https:\/\/macasbakery.com\/fr\/producto\/pastel-de-cumpleanos-para-perro-de-carne-molida-y-zanahoria\/\",\"url\":\"https:\/\/macasbakery.com\/fr\/producto\/pastel-de-cumpleanos-para-perro-de-carne-molida-y-zanahoria\/\",\"name\":\"G\u00e2teau d\u2019anniversaire pour chien au b\u0153uf hach\u00e9 et \u00e0 la carotte - macasbakery.com\",\"isPartOf\":{\"@id\":\"https:\/\/macasbakery.com\/fr\/#website\"},\"primaryImageOfPage\":{\"@id\":\"https:\/\/macasbakery.com\/fr\/producto\/pastel-de-cumpleanos-para-perro-de-carne-molida-y-zanahoria\/#primaryimage\"},\"image\":{\"@id\":\"https:\/\/macasbakery.com\/fr\/producto\/pastel-de-cumpleanos-para-perro-de-carne-molida-y-zanahoria\/#primaryimage\"},\"thumbnailUrl\":\"https:\/\/macasbakery.com\/fr\/wp-content\/uploads\/2025\/09\/6.png\",\"datePublished\":\"2025-09-17T00:02:40+00:00\",\"dateModified\":\"2025-12-06T01:10:31+00:00\",\"breadcrumb\":{\"@id\":\"https:\/\/macasbakery.com\/fr\/producto\/pastel-de-cumpleanos-para-perro-de-carne-molida-y-zanahoria\/#breadcrumb\"},\"inLanguage\":\"fr-CA\",\"potentialAction\":[{\"@type\":\"ReadAction\",\"target\":[\"https:\/\/macasbakery.com\/fr\/producto\/pastel-de-cumpleanos-para-perro-de-carne-molida-y-zanahoria\/\"]}]},{\"@type\":\"ImageObject\",\"inLanguage\":\"fr-CA\",\"@id\":\"https:\/\/macasbakery.com\/fr\/producto\/pastel-de-cumpleanos-para-perro-de-carne-molida-y-zanahoria\/#primaryimage\",\"url\":\"https:\/\/macasbakery.com\/fr\/wp-content\/uploads\/2025\/09\/6.png\",\"contentUrl\":\"https:\/\/macasbakery.com\/fr\/wp-content\/uploads\/2025\/09\/6.png\",\"width\":1200,\"height\":1200},{\"@type\":\"BreadcrumbList\",\"@id\":\"https:\/\/macasbakery.com\/fr\/producto\/pastel-de-cumpleanos-para-perro-de-carne-molida-y-zanahoria\/#breadcrumb\",\"itemListElement\":[{\"@type\":\"ListItem\",\"position\":1,\"name\":\"Inicio\",\"item\":\"https:\/\/macasbakery.com\/fr\/\"},{\"@type\":\"ListItem\",\"position\":2,\"name\":\"Boutique\",\"item\":\"https:\/\/macasbakery.com\/fr\/tienda\/\"},{\"@type\":\"ListItem\",\"position\":3,\"name\":\"G\u00e2teau d\u2019anniversaire pour chien au b\u0153uf hach\u00e9 et \u00e0 la carotte\"}]},{\"@type\":\"WebSite\",\"@id\":\"https:\/\/macasbakery.com\/fr\/#website\",\"url\":\"https:\/\/macasbakery.com\/fr\/\",\"name\":\"macasbakery.com\",\"description\":\"\",\"potentialAction\":[{\"@type\":\"SearchAction\",\"target\":{\"@type\":\"EntryPoint\",\"urlTemplate\":\"https:\/\/macasbakery.com\/fr\/?s={search_term_string}\"},\"query-input\":{\"@type\":\"PropertyValueSpecification\",\"valueRequired\":true,\"valueName\":\"search_term_string\"}}],\"inLanguage\":\"fr-CA\"}]}<\/script>\n<!-- \/ Yoast SEO plugin. -->","yoast_head_json":{"title":"G\u00e2teau d\u2019anniversaire pour chien au b\u0153uf hach\u00e9 et \u00e0 la carotte - macasbakery.com","robots":{"index":"index","follow":"follow","max-snippet":"max-snippet:-1","max-image-preview":"max-image-preview:large","max-video-preview":"max-video-preview:-1"},"canonical":"https:\/\/macasbakery.com\/fr\/producto\/pastel-de-cumpleanos-para-perro-de-carne-molida-y-zanahoria\/","og_locale":"fr_CA","og_type":"article","og_title":"G\u00e2teau d\u2019anniversaire pour chien au b\u0153uf hach\u00e9 et \u00e0 la carotte - macasbakery.com","og_description":"Nourrissant et d\u00e9licieux, con\u00e7u pour les occasions festives.","og_url":"https:\/\/macasbakery.com\/fr\/producto\/pastel-de-cumpleanos-para-perro-de-carne-molida-y-zanahoria\/","og_site_name":"macasbakery.com","article_modified_time":"2025-12-06T01:10:31+00:00","og_image":[{"width":1024,"height":1024,"url":"https:\/\/macasbakery.com\/fr\/wp-content\/uploads\/2025\/09\/6-1024x1024.png","type":"image\/png"}],"twitter_card":"summary_large_image","twitter_misc":{"Estimation du temps de lecture":"1 minute"},"schema":{"@context":"https:\/\/schema.org","@graph":[{"@type":"WebPage","@id":"https:\/\/macasbakery.com\/fr\/producto\/pastel-de-cumpleanos-para-perro-de-carne-molida-y-zanahoria\/","url":"https:\/\/macasbakery.com\/fr\/producto\/pastel-de-cumpleanos-para-perro-de-carne-molida-y-zanahoria\/","name":"G\u00e2teau d\u2019anniversaire pour chien au b\u0153uf hach\u00e9 et \u00e0 la carotte - macasbakery.com","isPartOf":{"@id":"https:\/\/macasbakery.com\/fr\/#website"},"primaryImageOfPage":{"@id":"https:\/\/macasbakery.com\/fr\/producto\/pastel-de-cumpleanos-para-perro-de-carne-molida-y-zanahoria\/#primaryimage"},"image":{"@id":"https:\/\/macasbakery.com\/fr\/producto\/pastel-de-cumpleanos-para-perro-de-carne-molida-y-zanahoria\/#primaryimage"},"thumbnailUrl":"https:\/\/macasbakery.com\/fr\/wp-content\/uploads\/2025\/09\/6.png","datePublished":"2025-09-17T00:02:40+00:00","dateModified":"2025-12-06T01:10:31+00:00","breadcrumb":{"@id":"https:\/\/macasbakery.com\/fr\/producto\/pastel-de-cumpleanos-para-perro-de-carne-molida-y-zanahoria\/#breadcrumb"},"inLanguage":"fr-CA","potentialAction":[{"@type":"ReadAction","target":["https:\/\/macasbakery.com\/fr\/producto\/pastel-de-cumpleanos-para-perro-de-carne-molida-y-zanahoria\/"]}]},{"@type":"ImageObject","inLanguage":"fr-CA","@id":"https:\/\/macasbakery.com\/fr\/producto\/pastel-de-cumpleanos-para-perro-de-carne-molida-y-zanahoria\/#primaryimage","url":"https:\/\/macasbakery.com\/fr\/wp-content\/uploads\/2025\/09\/6.png","contentUrl":"https:\/\/macasbakery.com\/fr\/wp-content\/uploads\/2025\/09\/6.png","width":1200,"height":1200},{"@type":"BreadcrumbList","@id":"https:\/\/macasbakery.com\/fr\/producto\/pastel-de-cumpleanos-para-perro-de-carne-molida-y-zanahoria\/#breadcrumb","itemListElement":[{"@type":"ListItem","position":1,"name":"Inicio","item":"https:\/\/macasbakery.com\/fr\/"},{"@type":"ListItem","position":2,"name":"Boutique","item":"https:\/\/macasbakery.com\/fr\/tienda\/"},{"@type":"ListItem","position":3,"name":"G\u00e2teau d\u2019anniversaire pour chien au b\u0153uf hach\u00e9 et \u00e0 la carotte"}]},{"@type":"WebSite","@id":"https:\/\/macasbakery.com\/fr\/#website","url":"https:\/\/macasbakery.com\/fr\/","name":"macasbakery.com","description":"","potentialAction":[{"@type":"SearchAction","target":{"@type":"EntryPoint","urlTemplate":"https:\/\/macasbakery.com\/fr\/?s={search_term_string}"},"query-input":{"@type":"PropertyValueSpecification","valueRequired":true,"valueName":"search_term_string"}}],"inLanguage":"fr-CA"}]}},"_links":{"self":[{"href":"https:\/\/macasbakery.com\/fr\/wp-json\/wp\/v2\/product\/429","targetHints":{"allow":["GET"]}}],"collection":[{"href":"https:\/\/macasbakery.com\/fr\/wp-json\/wp\/v2\/product"}],"about":[{"href":"https:\/\/macasbakery.com\/fr\/wp-json\/wp\/v2\/types\/product"}],"replies":[{"embeddable":true,"href":"https:\/\/macasbakery.com\/fr\/wp-json\/wp\/v2\/comments?post=429"}],"wp:featuredmedia":[{"embeddable":true,"href":"https:\/\/macasbakery.com\/fr\/wp-json\/wp\/v2\/media\/744"}],"wp:attachment":[{"href":"https:\/\/macasbakery.com\/fr\/wp-json\/wp\/v2\/media?parent=429"}],"wp:term":[{"taxonomy":"product_brand","embeddable":true,"href":"https:\/\/macasbakery.com\/fr\/wp-json\/wp\/v2\/product_brand?post=429"},{"taxonomy":"product_cat","embeddable":true,"href":"https:\/\/macasbakery.com\/fr\/wp-json\/wp\/v2\/product_cat?post=429"},{"taxonomy":"product_tag","embeddable":true,"href":"https:\/\/macasbakery.com\/fr\/wp-json\/wp\/v2\/product_tag?post=429"}],"curies":[{"name":"wp","href":"https:\/\/api.w.org\/{rel}","templated":true}]}}